{"id":14371,"date":"2023-04-03T16:00:57","date_gmt":"2023-04-03T13:00:57","guid":{"rendered":"https:\/\/fkkeskus.ee\/kartingkoulu\/"},"modified":"2023-11-15T11:37:48","modified_gmt":"2023-11-15T09:37:48","slug":"kartingkoulu","status":"publish","type":"page","link":"https:\/\/fkkeskus.ee\/fi\/kartingkoulu\/","title":{"rendered":"Kartingkoulu"},"content":{"rendered":"\t\t<div data-elementor-type=\"wp-page\" data-elementor-id=\"14371\" class=\"elementor elementor-14371 elementor-13177\" data-elementor-settings=\"{&quot;ha_cmc_init_switcher&quot;:&quot;no&quot;}\">\n\t\t\t\t\t\t<section class=\"elementor-section elementor-top-section elementor-element elementor-element-2ca8f618 elementor-section-boxed elementor-section-height-default elementor-section-height-default\" data-id=\"2ca8f618\" data-element_type=\"section\" data-settings=\"{&quot;background_background&quot;:&quot;classic&quot;,&quot;shape_divider_bottom&quot;:&quot;pyramids&quot;,&quot;_ha_eqh_enable&quot;:false}\">\n\t\t\t\t\t\t\t<div class=\"elementor-background-overlay\"><\/div>\n\t\t\t\t\t\t<div class=\"elementor-shape elementor-shape-bottom\" data-negative=\"false\">\n\t\t\t<svg xmlns=\"http:\/\/www.w3.org\/2000\/svg\" viewBox=\"0 0 1000 100\" preserveAspectRatio=\"none\">\n\t<path class=\"elementor-shape-fill\" d=\"M761.9,44.1L643.1,27.2L333.8,98L0,3.8V0l1000,0v3.9\"\/>\n<\/svg>\t\t<\/div>\n\t\t\t\t\t<div class=\"elementor-container elementor-column-gap-default\">\n\t\t\t\t\t<div class=\"elementor-column elementor-col-100 elementor-top-column elementor-element elementor-element-1bd325d6\" data-id=\"1bd325d6\" data-element_type=\"column\">\n\t\t\t<div class=\"elementor-widget-wrap elementor-element-populated\">\n\t\t\t\t\t\t<div class=\"elementor-element elementor-element-2354fe65 elementor-widget elementor-widget-heading\" data-id=\"2354fe65\" data-element_type=\"widget\" data-widget_type=\"heading.default\">\n\t\t\t\t<div class=\"elementor-widget-container\">\n\t\t\t\t\t<h2 class=\"elementor-heading-title elementor-size-default\">Kartingkoulu<\/h2>\t\t\t\t<\/div>\n\t\t\t\t<\/div>\n\t\t\t\t\t<\/div>\n\t\t<\/div>\n\t\t\t\t\t<\/div>\n\t\t<\/section>\n\t\t\t\t<section class=\"elementor-section elementor-top-section elementor-element elementor-element-44c110d elementor-section-boxed elementor-section-height-default elementor-section-height-default\" data-id=\"44c110d\" data-element_type=\"section\" data-settings=\"{&quot;_ha_eqh_enable&quot;:false}\">\n\t\t\t\t\t\t<div class=\"elementor-container elementor-column-gap-default\">\n\t\t\t\t\t<div class=\"elementor-column elementor-col-50 elementor-top-column elementor-element elementor-element-e8754ba\" data-id=\"e8754ba\" data-element_type=\"column\">\n\t\t\t<div class=\"elementor-widget-wrap elementor-element-populated\">\n\t\t\t\t\t\t<div class=\"elementor-element elementor-element-860c0dd elementor-widget elementor-widget-heading\" data-id=\"860c0dd\" data-element_type=\"widget\" data-widget_type=\"heading.default\">\n\t\t\t\t<div class=\"elementor-widget-container\">\n\t\t\t\t\t<h2 class=\"elementor-heading-title elementor-size-default\">karting koulun tiedot:<\/h2>\t\t\t\t<\/div>\n\t\t\t\t<\/div>\n\t\t\t\t<div class=\"elementor-element elementor-element-704b4e6 elementor-widget elementor-widget-text-editor\" data-id=\"704b4e6\" data-element_type=\"widget\" data-widget_type=\"text-editor.default\">\n\t\t\t\t<div class=\"elementor-widget-container\">\n\t\t\t\t\t\t\t\t\t<p>\u00a0<\/p><p>Ilmoittautuu kauden harjoituksiin ja kysyy tietoa harjoitusajoista Andre@aeroracing.ee tai fkkeskus@fkkeskus.ee<\/p>\t\t\t\t\t\t\t\t<\/div>\n\t\t\t\t<\/div>\n\t\t\t\t\t<\/div>\n\t\t<\/div>\n\t\t\t\t<div class=\"elementor-column elementor-col-50 elementor-top-column elementor-element elementor-element-47cd489\" data-id=\"47cd489\" data-element_type=\"column\">\n\t\t\t<div class=\"elementor-widget-wrap elementor-element-populated\">\n\t\t\t\t\t\t<div class=\"elementor-element elementor-element-7668777 elementor-widget elementor-widget-heading\" data-id=\"7668777\" data-element_type=\"widget\" data-widget_type=\"heading.default\">\n\t\t\t\t<div class=\"elementor-widget-container\">\n\t\t\t\t\t<h2 class=\"elementor-heading-title elementor-size-default\">hinnat <\/h2>\t\t\t\t<\/div>\n\t\t\t\t<\/div>\n\t\t\t\t<div class=\"elementor-element elementor-element-0d69ec9 elementor-widget elementor-widget-text-editor\" data-id=\"0d69ec9\" data-element_type=\"widget\" data-widget_type=\"text-editor.default\">\n\t\t\t\t<div class=\"elementor-widget-container\">\n\t\t\t\t\t\t\t\t\t<p>Nuoret alle 18-vuotiaat 40 euroa<br \/>Aikuiset 45 euroa<\/p>\n<h4 class=\"left-outline\">Kurssi sis\u00e4lt\u00e4\u00e4:<\/h4>\n<ul class=\"list-type-7\">\n<li>karting-ajotekniikka ja -taktiikka<\/li>\n<li>teoreettinen valmistautuminen<\/li>\n<li>harjoituskilpailut<\/li>\n<\/ul>\t\t\t\t\t\t\t\t<\/div>\n\t\t\t\t<\/div>\n\t\t\t\t<div class=\"elementor-element elementor-element-07d2a93 elementor-widget elementor-widget-image\" data-id=\"07d2a93\" data-element_type=\"widget\" data-widget_type=\"image.default\">\n\t\t\t\t<div class=\"elementor-widget-container\">\n\t\t\t\t\t\t\t\t\t\t\t\t<figure class=\"wp-caption\">\n\t\t\t\t\t\t\t\t\t\t\t<a href=\"http:\/\/dev.fkkeskus.ee\/wp-content\/uploads\/2015\/08\/FK-rajajoonis.jpg\" data-elementor-open-lightbox=\"yes\" data-elementor-lightbox-title=\"FK rajajoonis\" data-e-action-hash=\"#elementor-action%3Aaction%3Dlightbox%26settings%3DeyJpZCI6NjcwNywidXJsIjoiaHR0cHM6XC9cL2Zra2Vza3VzLmVlXC93cC1jb250ZW50XC91cGxvYWRzXC8yMDE1XC8wOFwvRkstcmFqYWpvb25pcy5qcGcifQ%3D%3D\">\n\t\t\t\t\t\t\t<img fetchpriority=\"high\" decoding=\"async\" width=\"800\" height=\"334\" src=\"https:\/\/fkkeskus.ee\/wp-content\/uploads\/2015\/08\/FK-rajajoonis-1024x428.jpg\" class=\"attachment-large size-large wp-image-6707\" alt=\"\" srcset=\"https:\/\/fkkeskus.ee\/wp-content\/uploads\/2015\/08\/FK-rajajoonis-1024x428.jpg 1024w, https:\/\/fkkeskus.ee\/wp-content\/uploads\/2015\/08\/FK-rajajoonis-300x125.jpg 300w, https:\/\/fkkeskus.ee\/wp-content\/uploads\/2015\/08\/FK-rajajoonis-768x321.jpg 768w, https:\/\/fkkeskus.ee\/wp-content\/uploads\/2015\/08\/FK-rajajoonis-260x109.jpg 260w, https:\/\/fkkeskus.ee\/wp-content\/uploads\/2015\/08\/FK-rajajoonis-50x21.jpg 50w, https:\/\/fkkeskus.ee\/wp-content\/uploads\/2015\/08\/FK-rajajoonis-576x241.jpg 576w, https:\/\/fkkeskus.ee\/wp-content\/uploads\/2015\/08\/FK-rajajoonis-150x63.jpg 150w\" sizes=\"(max-width: 800px) 100vw, 800px\" \/>\t\t\t\t\t\t\t\t<\/a>\n\t\t\t\t\t\t\t\t\t\t\t<figcaption class=\"widget-image-caption wp-caption-text\">FK Keskus karting-rata<\/figcaption>\n\t\t\t\t\t\t\t\t\t\t<\/figure>\n\t\t\t\t\t\t\t\t\t<\/div>\n\t\t\t\t<\/div>\n\t\t\t\t\t<\/div>\n\t\t<\/div>\n\t\t\t\t\t<\/div>\n\t\t<\/section>\n\t\t\t\t<\/div>\n\t\t","protected":false},"excerpt":{"rendered":"<p>Kartingkoulu karting koulun tiedot: \u00a0 Ilmoittautuu kauden harjoituksiin ja kysyy tietoa harjoitusajoista Andre@aeroracing.ee tai fkkeskus@fkkeskus.ee hinnat Nuoret alle 18-vuotiaat 40 euroaAikuiset 45 euroa Kurssi sis\u00e4lt\u00e4\u00e4: karting-ajotekniikka ja -taktiikka teoreettinen valmistautuminen harjoituskilpailut FK Keskus karting-rata<\/p>\n","protected":false},"author":19,"featured_media":0,"parent":0,"menu_order":3,"comment_status":"closed","ping_status":"closed","template":"elementor_header_footer","meta":{"footnotes":""},"class_list":["post-14371","page","type-page","status-publish","hentry"],"yoast_head":"<!-- This site is optimized with the Yoast SEO plugin v24.6 - https:\/\/yoast.com\/wordpress\/plugins\/seo\/ -->\n<title>Kartingkoulu - FK Keskus<\/title>\n<meta name=\"robots\" content=\"index, follow, max-snippet:-1, max-image-preview:large, max-video-preview:-1\" \/>\n<link rel=\"canonical\" href=\"https:\/\/fkkeskus.ee\/fi\/kartingkoulu\/\" \/>\n<meta property=\"og:locale\" content=\"fi_FI\" \/>\n<meta property=\"og:type\" content=\"article\" \/>\n<meta property=\"og:title\" content=\"Kartingkoulu - FK Keskus\" \/>\n<meta property=\"og:description\" content=\"Kartingkoulu karting koulun tiedot: \u00a0 Ilmoittautuu kauden harjoituksiin ja kysyy tietoa harjoitusajoista Andre@aeroracing.ee tai fkkeskus@fkkeskus.ee hinnat Nuoret alle 18-vuotiaat 40 euroaAikuiset 45 euroa Kurssi sis\u00e4lt\u00e4\u00e4: karting-ajotekniikka ja -taktiikka teoreettinen valmistautuminen harjoituskilpailut FK Keskus karting-rata\" \/>\n<meta property=\"og:url\" content=\"https:\/\/fkkeskus.ee\/fi\/kartingkoulu\/\" \/>\n<meta property=\"og:site_name\" content=\"FK Keskus\" \/>\n<meta property=\"article:modified_time\" content=\"2023-11-15T09:37:48+00:00\" \/>\n<meta property=\"og:image\" content=\"https:\/\/fkkeskus.ee\/wp-content\/uploads\/2015\/08\/FK-rajajoonis-1024x428.jpg\" \/>\n<meta name=\"twitter:card\" content=\"summary_large_image\" \/>\n<meta name=\"twitter:label1\" content=\"Arvioitu lukuaika\" \/>\n\t<meta name=\"twitter:data1\" content=\"1 minuutti\" \/>\n<script type=\"application\/ld+json\" class=\"yoast-schema-graph\">{\"@context\":\"https:\/\/schema.org\",\"@graph\":[{\"@type\":\"WebPage\",\"@id\":\"https:\/\/fkkeskus.ee\/fi\/kartingkoulu\/\",\"url\":\"https:\/\/fkkeskus.ee\/fi\/kartingkoulu\/\",\"name\":\"Kartingkoulu - FK Keskus\",\"isPartOf\":{\"@id\":\"https:\/\/fkkeskus.ee\/#website\"},\"primaryImageOfPage\":{\"@id\":\"https:\/\/fkkeskus.ee\/fi\/kartingkoulu\/#primaryimage\"},\"image\":{\"@id\":\"https:\/\/fkkeskus.ee\/fi\/kartingkoulu\/#primaryimage\"},\"thumbnailUrl\":\"https:\/\/fkkeskus.ee\/wp-content\/uploads\/2015\/08\/FK-rajajoonis-1024x428.jpg\",\"datePublished\":\"2023-04-03T13:00:57+00:00\",\"dateModified\":\"2023-11-15T09:37:48+00:00\",\"breadcrumb\":{\"@id\":\"https:\/\/fkkeskus.ee\/fi\/kartingkoulu\/#breadcrumb\"},\"inLanguage\":\"fi\",\"potentialAction\":[{\"@type\":\"ReadAction\",\"target\":[\"https:\/\/fkkeskus.ee\/fi\/kartingkoulu\/\"]}]},{\"@type\":\"ImageObject\",\"inLanguage\":\"fi\",\"@id\":\"https:\/\/fkkeskus.ee\/fi\/kartingkoulu\/#primaryimage\",\"url\":\"https:\/\/fkkeskus.ee\/wp-content\/uploads\/2015\/08\/FK-rajajoonis-1024x428.jpg\",\"contentUrl\":\"https:\/\/fkkeskus.ee\/wp-content\/uploads\/2015\/08\/FK-rajajoonis-1024x428.jpg\"},{\"@type\":\"BreadcrumbList\",\"@id\":\"https:\/\/fkkeskus.ee\/fi\/kartingkoulu\/#breadcrumb\",\"itemListElement\":[{\"@type\":\"ListItem\",\"position\":1,\"name\":\"Home\",\"item\":\"https:\/\/fkkeskus.ee\/fi\/\"},{\"@type\":\"ListItem\",\"position\":2,\"name\":\"Kartingkoulu\"}]},{\"@type\":\"WebSite\",\"@id\":\"https:\/\/fkkeskus.ee\/#website\",\"url\":\"https:\/\/fkkeskus.ee\/\",\"name\":\"FK Keskus\",\"description\":\"FK Kardirada\",\"publisher\":{\"@id\":\"https:\/\/fkkeskus.ee\/#organization\"},\"potentialAction\":[{\"@type\":\"SearchAction\",\"target\":{\"@type\":\"EntryPoint\",\"urlTemplate\":\"https:\/\/fkkeskus.ee\/?s={search_term_string}\"},\"query-input\":{\"@type\":\"PropertyValueSpecification\",\"valueRequired\":true,\"valueName\":\"search_term_string\"}}],\"inLanguage\":\"fi\"},{\"@type\":\"Organization\",\"@id\":\"https:\/\/fkkeskus.ee\/#organization\",\"name\":\"FK Keskus\",\"url\":\"https:\/\/fkkeskus.ee\/\",\"logo\":{\"@type\":\"ImageObject\",\"inLanguage\":\"fi\",\"@id\":\"https:\/\/fkkeskus.ee\/#\/schema\/logo\/image\/\",\"url\":\"https:\/\/fkkeskus.ee\/wp-content\/uploads\/2017\/03\/logo-m3.png\",\"contentUrl\":\"https:\/\/fkkeskus.ee\/wp-content\/uploads\/2017\/03\/logo-m3.png\",\"width\":238,\"height\":120,\"caption\":\"FK Keskus\"},\"image\":{\"@id\":\"https:\/\/fkkeskus.ee\/#\/schema\/logo\/image\/\"}}]}<\/script>\n<!-- \/ Yoast SEO plugin. -->","yoast_head_json":{"title":"Kartingkoulu - FK Keskus","robots":{"index":"index","follow":"follow","max-snippet":"max-snippet:-1","max-image-preview":"max-image-preview:large","max-video-preview":"max-video-preview:-1"},"canonical":"https:\/\/fkkeskus.ee\/fi\/kartingkoulu\/","og_locale":"fi_FI","og_type":"article","og_title":"Kartingkoulu - FK Keskus","og_description":"Kartingkoulu karting koulun tiedot: \u00a0 Ilmoittautuu kauden harjoituksiin ja kysyy tietoa harjoitusajoista Andre@aeroracing.ee tai fkkeskus@fkkeskus.ee hinnat Nuoret alle 18-vuotiaat 40 euroaAikuiset 45 euroa Kurssi sis\u00e4lt\u00e4\u00e4: karting-ajotekniikka ja -taktiikka teoreettinen valmistautuminen harjoituskilpailut FK Keskus karting-rata","og_url":"https:\/\/fkkeskus.ee\/fi\/kartingkoulu\/","og_site_name":"FK Keskus","article_modified_time":"2023-11-15T09:37:48+00:00","og_image":[{"url":"https:\/\/fkkeskus.ee\/wp-content\/uploads\/2015\/08\/FK-rajajoonis-1024x428.jpg","type":"","width":"","height":""}],"twitter_card":"summary_large_image","twitter_misc":{"Arvioitu lukuaika":"1 minuutti"},"schema":{"@context":"https:\/\/schema.org","@graph":[{"@type":"WebPage","@id":"https:\/\/fkkeskus.ee\/fi\/kartingkoulu\/","url":"https:\/\/fkkeskus.ee\/fi\/kartingkoulu\/","name":"Kartingkoulu - FK Keskus","isPartOf":{"@id":"https:\/\/fkkeskus.ee\/#website"},"primaryImageOfPage":{"@id":"https:\/\/fkkeskus.ee\/fi\/kartingkoulu\/#primaryimage"},"image":{"@id":"https:\/\/fkkeskus.ee\/fi\/kartingkoulu\/#primaryimage"},"thumbnailUrl":"https:\/\/fkkeskus.ee\/wp-content\/uploads\/2015\/08\/FK-rajajoonis-1024x428.jpg","datePublished":"2023-04-03T13:00:57+00:00","dateModified":"2023-11-15T09:37:48+00:00","breadcrumb":{"@id":"https:\/\/fkkeskus.ee\/fi\/kartingkoulu\/#breadcrumb"},"inLanguage":"fi","potentialAction":[{"@type":"ReadAction","target":["https:\/\/fkkeskus.ee\/fi\/kartingkoulu\/"]}]},{"@type":"ImageObject","inLanguage":"fi","@id":"https:\/\/fkkeskus.ee\/fi\/kartingkoulu\/#primaryimage","url":"https:\/\/fkkeskus.ee\/wp-content\/uploads\/2015\/08\/FK-rajajoonis-1024x428.jpg","contentUrl":"https:\/\/fkkeskus.ee\/wp-content\/uploads\/2015\/08\/FK-rajajoonis-1024x428.jpg"},{"@type":"BreadcrumbList","@id":"https:\/\/fkkeskus.ee\/fi\/kartingkoulu\/#breadcrumb","itemListElement":[{"@type":"ListItem","position":1,"name":"Home","item":"https:\/\/fkkeskus.ee\/fi\/"},{"@type":"ListItem","position":2,"name":"Kartingkoulu"}]},{"@type":"WebSite","@id":"https:\/\/fkkeskus.ee\/#website","url":"https:\/\/fkkeskus.ee\/","name":"FK Keskus","description":"FK Kardirada","publisher":{"@id":"https:\/\/fkkeskus.ee\/#organization"},"potentialAction":[{"@type":"SearchAction","target":{"@type":"EntryPoint","urlTemplate":"https:\/\/fkkeskus.ee\/?s={search_term_string}"},"query-input":{"@type":"PropertyValueSpecification","valueRequired":true,"valueName":"search_term_string"}}],"inLanguage":"fi"},{"@type":"Organization","@id":"https:\/\/fkkeskus.ee\/#organization","name":"FK Keskus","url":"https:\/\/fkkeskus.ee\/","logo":{"@type":"ImageObject","inLanguage":"fi","@id":"https:\/\/fkkeskus.ee\/#\/schema\/logo\/image\/","url":"https:\/\/fkkeskus.ee\/wp-content\/uploads\/2017\/03\/logo-m3.png","contentUrl":"https:\/\/fkkeskus.ee\/wp-content\/uploads\/2017\/03\/logo-m3.png","width":238,"height":120,"caption":"FK Keskus"},"image":{"@id":"https:\/\/fkkeskus.ee\/#\/schema\/logo\/image\/"}}]}},"_links":{"self":[{"href":"https:\/\/fkkeskus.ee\/fi\/wp-json\/wp\/v2\/pages\/14371","targetHints":{"allow":["GET"]}}],"collection":[{"href":"https:\/\/fkkeskus.ee\/fi\/wp-json\/wp\/v2\/pages"}],"about":[{"href":"https:\/\/fkkeskus.ee\/fi\/wp-json\/wp\/v2\/types\/page"}],"author":[{"embeddable":true,"href":"https:\/\/fkkeskus.ee\/fi\/wp-json\/wp\/v2\/users\/19"}],"replies":[{"embeddable":true,"href":"https:\/\/fkkeskus.ee\/fi\/wp-json\/wp\/v2\/comments?post=14371"}],"version-history":[{"count":1,"href":"https:\/\/fkkeskus.ee\/fi\/wp-json\/wp\/v2\/pages\/14371\/revisions"}],"predecessor-version":[{"id":16732,"href":"https:\/\/fkkeskus.ee\/fi\/wp-json\/wp\/v2\/pages\/14371\/revisions\/16732"}],"wp:attachment":[{"href":"https:\/\/fkkeskus.ee\/fi\/wp-json\/wp\/v2\/media?parent=14371"}],"curies":[{"name":"wp","href":"https:\/\/api.w.org\/{rel}","templated":true}]}}