{"id":13674,"date":"2023-02-21T10:00:01","date_gmt":"2023-02-21T08:00:01","guid":{"rendered":"https:\/\/fkkeskus.ee\/contact-3\/"},"modified":"2024-10-11T15:22:14","modified_gmt":"2024-10-11T12:22:14","slug":"contact-3","status":"publish","type":"page","link":"https:\/\/fkkeskus.ee\/en\/contact-3\/","title":{"rendered":"Contact"},"content":{"rendered":"\t\t<div data-elementor-type=\"wp-page\" data-elementor-id=\"13674\" class=\"elementor elementor-13674 elementor-13074\" data-elementor-settings=\"{&quot;ha_cmc_init_switcher&quot;:&quot;no&quot;}\">\n\t\t\t\t\t\t<section class=\"elementor-section elementor-top-section elementor-element elementor-element-456accdb elementor-section-boxed elementor-section-height-default elementor-section-height-default\" data-id=\"456accdb\" data-element_type=\"section\" data-settings=\"{&quot;background_background&quot;:&quot;classic&quot;,&quot;shape_divider_bottom&quot;:&quot;pyramids&quot;,&quot;_ha_eqh_enable&quot;:false}\">\n\t\t\t\t\t\t\t<div class=\"elementor-background-overlay\"><\/div>\n\t\t\t\t\t\t<div class=\"elementor-shape elementor-shape-bottom\" data-negative=\"false\">\n\t\t\t<svg xmlns=\"http:\/\/www.w3.org\/2000\/svg\" viewBox=\"0 0 1000 100\" preserveAspectRatio=\"none\">\n\t<path class=\"elementor-shape-fill\" d=\"M761.9,44.1L643.1,27.2L333.8,98L0,3.8V0l1000,0v3.9\"\/>\n<\/svg>\t\t<\/div>\n\t\t\t\t\t<div class=\"elementor-container elementor-column-gap-default\">\n\t\t\t\t\t<div class=\"elementor-column elementor-col-100 elementor-top-column elementor-element elementor-element-5769ef13\" data-id=\"5769ef13\" data-element_type=\"column\">\n\t\t\t<div class=\"elementor-widget-wrap elementor-element-populated\">\n\t\t\t\t\t\t<div class=\"elementor-element elementor-element-51d88928 elementor-widget elementor-widget-heading\" data-id=\"51d88928\" data-element_type=\"widget\" data-widget_type=\"heading.default\">\n\t\t\t\t<div class=\"elementor-widget-container\">\n\t\t\t\t\t<h2 class=\"elementor-heading-title elementor-size-default\">Contact<\/h2>\t\t\t\t<\/div>\n\t\t\t\t<\/div>\n\t\t\t\t\t<\/div>\n\t\t<\/div>\n\t\t\t\t\t<\/div>\n\t\t<\/section>\n\t\t\t\t<section class=\"elementor-section elementor-top-section elementor-element elementor-element-280bf4a1 elementor-section-boxed elementor-section-height-default elementor-section-height-default\" data-id=\"280bf4a1\" data-element_type=\"section\" data-settings=\"{&quot;_ha_eqh_enable&quot;:false}\">\n\t\t\t\t\t\t<div class=\"elementor-container elementor-column-gap-default\">\n\t\t\t\t\t<div class=\"elementor-column elementor-col-50 elementor-top-column elementor-element elementor-element-7916163c\" data-id=\"7916163c\" data-element_type=\"column\">\n\t\t\t<div class=\"elementor-widget-wrap elementor-element-populated\">\n\t\t\t\t\t\t<div class=\"elementor-element elementor-element-26d674bb elementor-widget elementor-widget-heading\" data-id=\"26d674bb\" data-element_type=\"widget\" data-widget_type=\"heading.default\">\n\t\t\t\t<div class=\"elementor-widget-container\">\n\t\t\t\t\t<h2 class=\"elementor-heading-title elementor-size-default\">We are open<\/h2>\t\t\t\t<\/div>\n\t\t\t\t<\/div>\n\t\t\t\t<div class=\"elementor-element elementor-element-cebd4e8 elementor-widget elementor-widget-text-editor\" data-id=\"cebd4e8\" data-element_type=\"widget\" data-widget_type=\"text-editor.default\">\n\t\t\t\t<div class=\"elementor-widget-container\">\n\t\t\t\t\t\t\t\t\t<h5><strong>Mon-Fri Make a reservation<\/strong><\/h5><h5><strong>Sat-Sun 12:00 PM &#8211; 8:00 PM<\/strong><\/h5><p>If you have any questions about the karting\u00a0 and our facilities or if you would like to make a booking, please do not hesitate to email us or call us<\/p>\t\t\t\t\t\t\t\t<\/div>\n\t\t\t\t<\/div>\n\t\t\t\t<section class=\"elementor-section elementor-inner-section elementor-element elementor-element-3219dc0 elementor-section-boxed elementor-section-height-default elementor-section-height-default\" data-id=\"3219dc0\" data-element_type=\"section\" data-settings=\"{&quot;_ha_eqh_enable&quot;:false}\">\n\t\t\t\t\t\t<div class=\"elementor-container elementor-column-gap-default\">\n\t\t\t\t\t<div class=\"elementor-column elementor-col-33 elementor-inner-column elementor-element elementor-element-63124a7\" data-id=\"63124a7\" data-element_type=\"column\">\n\t\t\t<div class=\"elementor-widget-wrap elementor-element-populated\">\n\t\t\t\t\t\t<div data-ha-element-link=\"{&quot;url&quot;:&quot;tel:55514663&quot;,&quot;is_external&quot;:&quot;&quot;,&quot;nofollow&quot;:&quot;&quot;}\" style=\"cursor: pointer\" class=\"elementor-element elementor-element-5f7ffb4a ha-infobox-media-dir-left elementor-widget elementor-widget-ha-infobox happy-addon ha-infobox\" data-id=\"5f7ffb4a\" data-element_type=\"widget\" data-widget_type=\"ha-infobox.default\">\n\t\t\t\t<div class=\"elementor-widget-container\">\n\t\t\t\t\t\n\t\t\t\t\t<figure class=\"ha-infobox-figure ha-infobox-figure--icon\">\n\t\t\t\t<i aria-hidden=\"true\" class=\"fas fa-mobile-alt\"><\/i>\t\t\t<\/figure>\n\t\t\n\t\t<div class=\"ha-infobox-body\">\n\t\t\t<h2 class=\"ha-infobox-title\">Phone<\/h2>\n\t\t\t\t\t\t\t<div class=\"ha-infobox-text\">\n\t\t\t\t\t<p><a href=\"tel:55514663\">55514663  <\/a><br><br><\/p>\n\t\t\t\t<\/div>\n\t\t\t\n\t\t\t\t\t<\/div>\n\t\t\t\t\t\t<\/div>\n\t\t\t\t<\/div>\n\t\t\t\t\t<\/div>\n\t\t<\/div>\n\t\t\t\t<div class=\"elementor-column elementor-col-33 elementor-inner-column elementor-element elementor-element-0852a80\" data-id=\"0852a80\" data-element_type=\"column\">\n\t\t\t<div class=\"elementor-widget-wrap elementor-element-populated\">\n\t\t\t\t\t\t<div class=\"elementor-element elementor-element-58b84679 ha-infobox-media-dir-left elementor-widget elementor-widget-ha-infobox happy-addon ha-infobox\" data-id=\"58b84679\" data-element_type=\"widget\" data-widget_type=\"ha-infobox.default\">\n\t\t\t\t<div class=\"elementor-widget-container\">\n\t\t\t\t\t\n\t\t\t\t\t<figure class=\"ha-infobox-figure ha-infobox-figure--icon\">\n\t\t\t\t<i aria-hidden=\"true\" class=\"fas fa-map-marker-alt\"><\/i>\t\t\t<\/figure>\n\t\t\n\t\t<div class=\"ha-infobox-body\">\n\t\t\t<h2 class=\"ha-infobox-title\">Location<\/h2>\n\t\t\t\t\t\t\t<div class=\"ha-infobox-text\">\n\t\t\t\t\t<p><a href=\"https:\/\/www.google.com\/maps\/place\/Paldiski+mnt+229a,+13520+Tallinn,+Eesti\/data=!4m2!3m1!1s0x469295cba31c9be7:0x1cf1359085cba4de?sa=X&amp;ved=2ahUKEwis4LjRrJz9AhUc57sIHTCtC3kQ8gF6BAgIEAI\">Google Maps<\/a><\/p>\n\t\t\t\t<\/div>\n\t\t\t\n\t\t\t\t\t<\/div>\n\t\t\t\t\t\t<\/div>\n\t\t\t\t<\/div>\n\t\t\t\t\t<\/div>\n\t\t<\/div>\n\t\t\t\t<div class=\"elementor-column elementor-col-33 elementor-inner-column elementor-element elementor-element-53c3b3e\" data-id=\"53c3b3e\" data-element_type=\"column\">\n\t\t\t<div class=\"elementor-widget-wrap elementor-element-populated\">\n\t\t\t\t\t\t<div class=\"elementor-element elementor-element-514b560f ha-infobox-media-dir-left elementor-widget elementor-widget-ha-infobox happy-addon ha-infobox\" data-id=\"514b560f\" data-element_type=\"widget\" data-widget_type=\"ha-infobox.default\">\n\t\t\t\t<div class=\"elementor-widget-container\">\n\t\t\t\t\t\n\t\t\t\t\t<figure class=\"ha-infobox-figure ha-infobox-figure--icon\">\n\t\t\t\t<i aria-hidden=\"true\" class=\"far fa-envelope\"><\/i>\t\t\t<\/figure>\n\t\t\n\t\t<div class=\"ha-infobox-body\">\n\t\t\t<h2 class=\"ha-infobox-title\">Email<\/h2>\n\t\t\t\t\t\t\t<div class=\"ha-infobox-text\">\n\t\t\t\t\t<p><a href=\"mailto:fkkeskus@fkkeskus.ee\">Contact us<\/a><\/p>\n\t\t\t\t<\/div>\n\t\t\t\n\t\t\t\t\t<\/div>\n\t\t\t\t\t\t<\/div>\n\t\t\t\t<\/div>\n\t\t\t\t\t<\/div>\n\t\t<\/div>\n\t\t\t\t\t<\/div>\n\t\t<\/section>\n\t\t\t\t\t<\/div>\n\t\t<\/div>\n\t\t\t\t<div class=\"elementor-column elementor-col-50 elementor-top-column elementor-element elementor-element-7a98054\" data-id=\"7a98054\" data-element_type=\"column\">\n\t\t\t<div class=\"elementor-widget-wrap elementor-element-populated\">\n\t\t\t\t\t\t<div class=\"elementor-element elementor-element-8dccfc9 elementor-widget elementor-widget-google_maps\" data-id=\"8dccfc9\" data-element_type=\"widget\" data-widget_type=\"google_maps.default\">\n\t\t\t\t<div class=\"elementor-widget-container\">\n\t\t\t\t\t\t\t<div class=\"elementor-custom-embed\">\n\t\t\t<iframe loading=\"lazy\"\n\t\t\t\t\tsrc=\"https:\/\/maps.google.com\/maps?q=Paldiski%20mnt.%20229A%2C%20Tallinn%2C%20Eesti&#038;t=m&#038;z=13&#038;output=embed&#038;iwloc=near\"\n\t\t\t\t\ttitle=\"Paldiski mnt. 229A, Tallinn, Eesti\"\n\t\t\t\t\taria-label=\"Paldiski mnt. 229A, Tallinn, Eesti\"\n\t\t\t><\/iframe>\n\t\t<\/div>\n\t\t\t\t\t\t<\/div>\n\t\t\t\t<\/div>\n\t\t\t\t\t<\/div>\n\t\t<\/div>\n\t\t\t\t\t<\/div>\n\t\t<\/section>\n\t\t\t\t<section class=\"elementor-section elementor-top-section elementor-element elementor-element-be51342 elementor-section-boxed elementor-section-height-default elementor-section-height-default\" data-id=\"be51342\" data-element_type=\"section\" data-settings=\"{&quot;background_background&quot;:&quot;classic&quot;,&quot;_ha_eqh_enable&quot;:false}\">\n\t\t\t\t\t\t<div class=\"elementor-container elementor-column-gap-default\">\n\t\t\t\t\t<div class=\"elementor-column elementor-col-33 elementor-top-column elementor-element elementor-element-e4a4058\" data-id=\"e4a4058\" data-element_type=\"column\">\n\t\t\t<div class=\"elementor-widget-wrap\">\n\t\t\t\t\t\t\t<\/div>\n\t\t<\/div>\n\t\t\t\t<div class=\"elementor-column elementor-col-33 elementor-top-column elementor-element elementor-element-7694c1c\" data-id=\"7694c1c\" data-element_type=\"column\">\n\t\t\t<div class=\"elementor-widget-wrap elementor-element-populated\">\n\t\t\t\t\t\t<div class=\"elementor-element elementor-element-4e5e7e0d elementor-widget elementor-widget-heading\" data-id=\"4e5e7e0d\" data-element_type=\"widget\" data-widget_type=\"heading.default\">\n\t\t\t\t<div class=\"elementor-widget-container\">\n\t\t\t\t\t<h2 class=\"elementor-heading-title elementor-size-default\">Contact us<\/h2>\t\t\t\t<\/div>\n\t\t\t\t<\/div>\n\t\t\t\t<div class=\"elementor-element elementor-element-eca1a9c elementor-widget elementor-widget-ha-cf7 happy-addon ha-cf7\" data-id=\"eca1a9c\" data-element_type=\"widget\" data-widget_type=\"ha-cf7.default\">\n\t\t\t\t<div class=\"elementor-widget-container\">\n\t\t\t\t\t\n<div class=\"wpcf7 no-js\" id=\"wpcf7-f5-o1\" lang=\"et\" dir=\"ltr\" data-wpcf7-id=\"5\">\n<div class=\"screen-reader-response\"><p role=\"status\" aria-live=\"polite\" aria-atomic=\"true\"><\/p> <ul><\/ul><\/div>\n<form action=\"\/en\/wp-json\/wp\/v2\/pages\/13674#wpcf7-f5-o1\" method=\"post\" class=\"wpcf7-form init ha-cf7-form\" aria-label=\"Contact form\" novalidate=\"novalidate\" data-status=\"init\">\n<div style=\"display: none;\">\n<input type=\"hidden\" name=\"_wpcf7\" value=\"5\" \/>\n<input type=\"hidden\" name=\"_wpcf7_version\" value=\"6.0.5\" \/>\n<input type=\"hidden\" name=\"_wpcf7_locale\" value=\"et\" \/>\n<input type=\"hidden\" name=\"_wpcf7_unit_tag\" value=\"wpcf7-f5-o1\" \/>\n<input type=\"hidden\" name=\"_wpcf7_container_post\" value=\"0\" \/>\n<input type=\"hidden\" name=\"_wpcf7_posted_data_hash\" value=\"\" \/>\n<input type=\"hidden\" name=\"_wpcf7_recaptcha_response\" value=\"\" \/>\n<\/div>\n<p>Nimi (n\u00f5utav)\n<\/p>\n<p><span class=\"wpcf7-form-control-wrap\" data-name=\"your-name\"><input size=\"40\" maxlength=\"400\" class=\"wpcf7-form-control wpcf7-text wpcf7-validates-as-required\" aria-required=\"true\" aria-invalid=\"false\" value=\"\" type=\"text\" name=\"your-name\" \/><\/span>\n<\/p>\n<p>Email (n\u00f5utav)\n<\/p>\n<p><span class=\"wpcf7-form-control-wrap\" data-name=\"your-email\"><input size=\"40\" maxlength=\"400\" class=\"wpcf7-form-control wpcf7-email wpcf7-validates-as-required wpcf7-text wpcf7-validates-as-email\" aria-required=\"true\" aria-invalid=\"false\" value=\"\" type=\"email\" name=\"your-email\" \/><\/span>\n<\/p>\n<p>Teema\n<\/p>\n<p><span class=\"wpcf7-form-control-wrap\" data-name=\"your-subject\"><input size=\"40\" maxlength=\"400\" class=\"wpcf7-form-control wpcf7-text\" aria-invalid=\"false\" value=\"\" type=\"text\" name=\"your-subject\" \/><\/span>\n<\/p>\n<p>Teade\n<\/p>\n<p><span class=\"wpcf7-form-control-wrap\" data-name=\"your-message\"><textarea cols=\"40\" rows=\"10\" maxlength=\"2000\" class=\"wpcf7-form-control wpcf7-textarea\" aria-invalid=\"false\" name=\"your-message\"><\/textarea><\/span>\n<\/p>\n<p><span class=\"wpcf7-form-control-wrap\" data-name=\"checkbox-1\"><span class=\"wpcf7-form-control wpcf7-checkbox\"><span class=\"wpcf7-list-item first last\"><label><input type=\"checkbox\" name=\"checkbox-1[]\" value=\"Annan n\u00f5usoleku turundusliku sisuga (sooduspakkumised, uudiskirjad, v\u00f5istluste info) e-kirjade edastamiseks.\" \/><span class=\"wpcf7-list-item-label\">Annan n\u00f5usoleku turundusliku sisuga (sooduspakkumised, uudiskirjad, v\u00f5istluste info) e-kirjade edastamiseks.<\/span><\/label><\/span><\/span><\/span>\n<\/p>\n<p>Informatsiooni selle kohta, milliste p\u00f5him\u00f5tete alusel toimub Hobbykarting O\u00dc isikuandmete t\u00f6\u00f6tlemine, leiate <a target=\"_blank\" href=\"https:\/\/www.fkkeskus.ee\/privaatsustingimused\">siit<\/a>\n<\/p>\n<p><input class=\"wpcf7-form-control wpcf7-submit has-spinner\" type=\"submit\" value=\"Saada\" \/>\n<\/p><div class=\"wpcf7-response-output\" aria-hidden=\"true\"><\/div>\n<\/form>\n<\/div>\n\t\t\t\t<\/div>\n\t\t\t\t<\/div>\n\t\t\t\t\t<\/div>\n\t\t<\/div>\n\t\t\t\t<div class=\"elementor-column elementor-col-33 elementor-top-column elementor-element elementor-element-c9d3ae4\" data-id=\"c9d3ae4\" data-element_type=\"column\">\n\t\t\t<div class=\"elementor-widget-wrap\">\n\t\t\t\t\t\t\t<\/div>\n\t\t<\/div>\n\t\t\t\t\t<\/div>\n\t\t<\/section>\n\t\t\t\t<\/div>\n\t\t","protected":false},"excerpt":{"rendered":"<p>Contact We are open Mon-Fri Make a reservation Sat-Sun 12:00 PM &#8211; 8:00 PM If you have any questions about the karting\u00a0 and our facilities or if you would like to make a booking, please do not hesitate to email us or call us Phone 55514663 Location Google Maps Email Contact us Contact us Nimi [&hellip;]<\/p>\n","protected":false},"author":19,"featured_media":0,"parent":0,"menu_order":7,"comment_status":"closed","ping_status":"closed","template":"elementor_header_footer","meta":{"footnotes":""},"class_list":["post-13674","page","type-page","status-publish","hentry"],"yoast_head":"<!-- This site is optimized with the Yoast SEO plugin v24.6 - https:\/\/yoast.com\/wordpress\/plugins\/seo\/ -->\n<title>Contact - FK Keskus<\/title>\n<meta name=\"robots\" content=\"index, follow, max-snippet:-1, max-image-preview:large, max-video-preview:-1\" \/>\n<link rel=\"canonical\" href=\"https:\/\/fkkeskus.ee\/en\/contact-3\/\" \/>\n<meta property=\"og:locale\" content=\"en_US\" \/>\n<meta property=\"og:type\" content=\"article\" \/>\n<meta property=\"og:title\" content=\"Contact - FK Keskus\" \/>\n<meta property=\"og:description\" content=\"Contact We are open Mon-Fri Make a reservation Sat-Sun 12:00 PM &#8211; 8:00 PM If you have any questions about the karting\u00a0 and our facilities or if you would like to make a booking, please do not hesitate to email us or call us Phone 55514663 Location Google Maps Email Contact us Contact us Nimi [&hellip;]\" \/>\n<meta property=\"og:url\" content=\"https:\/\/fkkeskus.ee\/en\/contact-3\/\" \/>\n<meta property=\"og:site_name\" content=\"FK Keskus\" \/>\n<meta property=\"article:modified_time\" content=\"2024-10-11T12:22:14+00:00\" \/>\n<meta name=\"twitter:card\" content=\"summary_large_image\" \/>\n<meta name=\"twitter:label1\" content=\"Est. reading time\" \/>\n\t<meta name=\"twitter:data1\" content=\"1 minute\" \/>\n<script type=\"application\/ld+json\" class=\"yoast-schema-graph\">{\"@context\":\"https:\/\/schema.org\",\"@graph\":[{\"@type\":\"WebPage\",\"@id\":\"https:\/\/fkkeskus.ee\/en\/contact-3\/\",\"url\":\"https:\/\/fkkeskus.ee\/en\/contact-3\/\",\"name\":\"Contact - FK Keskus\",\"isPartOf\":{\"@id\":\"https:\/\/fkkeskus.ee\/#website\"},\"datePublished\":\"2023-02-21T08:00:01+00:00\",\"dateModified\":\"2024-10-11T12:22:14+00:00\",\"breadcrumb\":{\"@id\":\"https:\/\/fkkeskus.ee\/en\/contact-3\/#breadcrumb\"},\"inLanguage\":\"en-US\",\"potentialAction\":[{\"@type\":\"ReadAction\",\"target\":[\"https:\/\/fkkeskus.ee\/en\/contact-3\/\"]}]},{\"@type\":\"BreadcrumbList\",\"@id\":\"https:\/\/fkkeskus.ee\/en\/contact-3\/#breadcrumb\",\"itemListElement\":[{\"@type\":\"ListItem\",\"position\":1,\"name\":\"Home\",\"item\":\"https:\/\/fkkeskus.ee\/en\/front-page\/\"},{\"@type\":\"ListItem\",\"position\":2,\"name\":\"Contact\"}]},{\"@type\":\"WebSite\",\"@id\":\"https:\/\/fkkeskus.ee\/#website\",\"url\":\"https:\/\/fkkeskus.ee\/\",\"name\":\"FK Keskus\",\"description\":\"FK Kardirada\",\"publisher\":{\"@id\":\"https:\/\/fkkeskus.ee\/#organization\"},\"potentialAction\":[{\"@type\":\"SearchAction\",\"target\":{\"@type\":\"EntryPoint\",\"urlTemplate\":\"https:\/\/fkkeskus.ee\/?s={search_term_string}\"},\"query-input\":{\"@type\":\"PropertyValueSpecification\",\"valueRequired\":true,\"valueName\":\"search_term_string\"}}],\"inLanguage\":\"en-US\"},{\"@type\":\"Organization\",\"@id\":\"https:\/\/fkkeskus.ee\/#organization\",\"name\":\"FK Keskus\",\"url\":\"https:\/\/fkkeskus.ee\/\",\"logo\":{\"@type\":\"ImageObject\",\"inLanguage\":\"en-US\",\"@id\":\"https:\/\/fkkeskus.ee\/#\/schema\/logo\/image\/\",\"url\":\"https:\/\/fkkeskus.ee\/wp-content\/uploads\/2017\/03\/logo-m3.png\",\"contentUrl\":\"https:\/\/fkkeskus.ee\/wp-content\/uploads\/2017\/03\/logo-m3.png\",\"width\":238,\"height\":120,\"caption\":\"FK Keskus\"},\"image\":{\"@id\":\"https:\/\/fkkeskus.ee\/#\/schema\/logo\/image\/\"}}]}<\/script>\n<!-- \/ Yoast SEO plugin. -->","yoast_head_json":{"title":"Contact - FK Keskus","robots":{"index":"index","follow":"follow","max-snippet":"max-snippet:-1","max-image-preview":"max-image-preview:large","max-video-preview":"max-video-preview:-1"},"canonical":"https:\/\/fkkeskus.ee\/en\/contact-3\/","og_locale":"en_US","og_type":"article","og_title":"Contact - FK Keskus","og_description":"Contact We are open Mon-Fri Make a reservation Sat-Sun 12:00 PM &#8211; 8:00 PM If you have any questions about the karting\u00a0 and our facilities or if you would like to make a booking, please do not hesitate to email us or call us Phone 55514663 Location Google Maps Email Contact us Contact us Nimi [&hellip;]","og_url":"https:\/\/fkkeskus.ee\/en\/contact-3\/","og_site_name":"FK Keskus","article_modified_time":"2024-10-11T12:22:14+00:00","twitter_card":"summary_large_image","twitter_misc":{"Est. reading time":"1 minute"},"schema":{"@context":"https:\/\/schema.org","@graph":[{"@type":"WebPage","@id":"https:\/\/fkkeskus.ee\/en\/contact-3\/","url":"https:\/\/fkkeskus.ee\/en\/contact-3\/","name":"Contact - FK Keskus","isPartOf":{"@id":"https:\/\/fkkeskus.ee\/#website"},"datePublished":"2023-02-21T08:00:01+00:00","dateModified":"2024-10-11T12:22:14+00:00","breadcrumb":{"@id":"https:\/\/fkkeskus.ee\/en\/contact-3\/#breadcrumb"},"inLanguage":"en-US","potentialAction":[{"@type":"ReadAction","target":["https:\/\/fkkeskus.ee\/en\/contact-3\/"]}]},{"@type":"BreadcrumbList","@id":"https:\/\/fkkeskus.ee\/en\/contact-3\/#breadcrumb","itemListElement":[{"@type":"ListItem","position":1,"name":"Home","item":"https:\/\/fkkeskus.ee\/en\/front-page\/"},{"@type":"ListItem","position":2,"name":"Contact"}]},{"@type":"WebSite","@id":"https:\/\/fkkeskus.ee\/#website","url":"https:\/\/fkkeskus.ee\/","name":"FK Keskus","description":"FK Kardirada","publisher":{"@id":"https:\/\/fkkeskus.ee\/#organization"},"potentialAction":[{"@type":"SearchAction","target":{"@type":"EntryPoint","urlTemplate":"https:\/\/fkkeskus.ee\/?s={search_term_string}"},"query-input":{"@type":"PropertyValueSpecification","valueRequired":true,"valueName":"search_term_string"}}],"inLanguage":"en-US"},{"@type":"Organization","@id":"https:\/\/fkkeskus.ee\/#organization","name":"FK Keskus","url":"https:\/\/fkkeskus.ee\/","logo":{"@type":"ImageObject","inLanguage":"en-US","@id":"https:\/\/fkkeskus.ee\/#\/schema\/logo\/image\/","url":"https:\/\/fkkeskus.ee\/wp-content\/uploads\/2017\/03\/logo-m3.png","contentUrl":"https:\/\/fkkeskus.ee\/wp-content\/uploads\/2017\/03\/logo-m3.png","width":238,"height":120,"caption":"FK Keskus"},"image":{"@id":"https:\/\/fkkeskus.ee\/#\/schema\/logo\/image\/"}}]}},"_links":{"self":[{"href":"https:\/\/fkkeskus.ee\/en\/wp-json\/wp\/v2\/pages\/13674","targetHints":{"allow":["GET"]}}],"collection":[{"href":"https:\/\/fkkeskus.ee\/en\/wp-json\/wp\/v2\/pages"}],"about":[{"href":"https:\/\/fkkeskus.ee\/en\/wp-json\/wp\/v2\/types\/page"}],"author":[{"embeddable":true,"href":"https:\/\/fkkeskus.ee\/en\/wp-json\/wp\/v2\/users\/19"}],"replies":[{"embeddable":true,"href":"https:\/\/fkkeskus.ee\/en\/wp-json\/wp\/v2\/comments?post=13674"}],"version-history":[{"count":5,"href":"https:\/\/fkkeskus.ee\/en\/wp-json\/wp\/v2\/pages\/13674\/revisions"}],"predecessor-version":[{"id":18267,"href":"https:\/\/fkkeskus.ee\/en\/wp-json\/wp\/v2\/pages\/13674\/revisions\/18267"}],"wp:attachment":[{"href":"https:\/\/fkkeskus.ee\/en\/wp-json\/wp\/v2\/media?parent=13674"}],"curies":[{"name":"wp","href":"https:\/\/api.w.org\/{rel}","templated":true}]}}